{"id":98,"date":"2026-02-09T16:59:16","date_gmt":"2026-02-09T15:59:16","guid":{"rendered":"http:\/\/antoinechabertcoutelier.fr\/?post_type=product&#038;p=98"},"modified":"2026-02-25T07:59:34","modified_gmt":"2026-02-25T06:59:34","slug":"gyuto-215x46","status":"publish","type":"product","link":"https:\/\/antoinechabertcoutelier.fr\/?product=gyuto-215x46","title":{"rendered":"Gyuto 215&#215;46"},"content":{"rendered":"<p>Gyuto 215x46mm<\/p>\n<p>Acier au carbone 135CR3, tremp\u00e9 a l&rsquo;huile.<\/p>\n<p>Finition satin\u00e9e et \u00ab\u00a0brut de forge\u00a0\u00bb.<\/p>\n<p>Manche en bois de cumaru br\u00fbl\u00e9.<\/p>\n<p>202g<\/p>\n<p>Une g\u00e9om\u00e9trie assez \u00e9paisse qui en fait un chef robuste et qui n&rsquo;aura pas peur de s&rsquo;attaquer \u00e0 des aliments durs. Un outil du quotidien qui ne d\u00e9\u00e7oit pas.<\/p>\n","protected":false},"excerpt":{"rendered":"<p>Gyuto 215x46mm Acier au carbone 135CR3, tremp\u00e9 a l&rsquo;huile. Finition satin\u00e9e et \u00ab\u00a0brut de forge\u00a0\u00bb. Manche en bois de cumaru br\u00fbl\u00e9. 202g Une g\u00e9om\u00e9trie assez \u00e9paisse qui en fait un chef robuste et qui n&rsquo;aura pas peur de s&rsquo;attaquer \u00e0 des aliments durs. Un outil du quotidien qui ne d\u00e9\u00e7oit pas.<\/p>\n","protected":false},"featured_media":99,"comment_status":"open","ping_status":"closed","template":"","meta":[],"product_brand":[],"product_cat":[19],"product_tag":[],"class_list":{"0":"post-98","1":"product","2":"type-product","3":"status-publish","4":"has-post-thumbnail","6":"product_cat-couteaux-de-cuisine","8":"first","9":"instock","10":"sale","11":"sold-individually","12":"shipping-taxable","13":"purchasable","14":"product-type-simple"},"_links":{"self":[{"href":"https:\/\/antoinechabertcoutelier.fr\/index.php?rest_route=\/wp\/v2\/product\/98","targetHints":{"allow":["GET"]}}],"collection":[{"href":"https:\/\/antoinechabertcoutelier.fr\/index.php?rest_route=\/wp\/v2\/product"}],"about":[{"href":"https:\/\/antoinechabertcoutelier.fr\/index.php?rest_route=\/wp\/v2\/types\/product"}],"replies":[{"embeddable":true,"href":"https:\/\/antoinechabertcoutelier.fr\/index.php?rest_route=%2Fwp%2Fv2%2Fcomments&post=98"}],"wp:featuredmedia":[{"embeddable":true,"href":"https:\/\/antoinechabertcoutelier.fr\/index.php?rest_route=\/wp\/v2\/media\/99"}],"wp:attachment":[{"href":"https:\/\/antoinechabertcoutelier.fr\/index.php?rest_route=%2Fwp%2Fv2%2Fmedia&parent=98"}],"wp:term":[{"taxonomy":"product_brand","embeddable":true,"href":"https:\/\/antoinechabertcoutelier.fr\/index.php?rest_route=%2Fwp%2Fv2%2Fproduct_brand&post=98"},{"taxonomy":"product_cat","embeddable":true,"href":"https:\/\/antoinechabertcoutelier.fr\/index.php?rest_route=%2Fwp%2Fv2%2Fproduct_cat&post=98"},{"taxonomy":"product_tag","embeddable":true,"href":"https:\/\/antoinechabertcoutelier.fr\/index.php?rest_route=%2Fwp%2Fv2%2Fproduct_tag&post=98"}],"curies":[{"name":"wp","href":"https:\/\/api.w.org\/{rel}","templated":true}]}}