{"id":82,"date":"2026-02-09T16:47:49","date_gmt":"2026-02-09T15:47:49","guid":{"rendered":"http:\/\/antoinechabertcoutelier.fr\/?post_type=product&#038;p=82"},"modified":"2026-02-12T12:49:26","modified_gmt":"2026-02-12T11:49:26","slug":"petty-san-mai-170x48","status":"publish","type":"product","link":"https:\/\/antoinechabertcoutelier.fr\/?product=petty-san-mai-170x48","title":{"rendered":"Petty san-mai 170&#215;48"},"content":{"rendered":"<p>Petty san-mai 170x48mm<\/p>\n<p>Acier sandwich 135CR3 et vieux fer, trempe \u00e0 l&rsquo;eau.<\/p>\n<p>Finition miroir, g\u00e9om\u00e9trie l\u00e9g\u00e8rement convexe.<\/p>\n<p>Manche en robinier \u00ab\u00a0faux acacia\u00a0\u00bb et corne de buffle.<\/p>\n<p>Le vieux fer utilis\u00e9 donne de tr\u00e8s beaux motifs aux flancs de cette lame. Un format 17cm offrant un bon compromis entre polyvalence et maniabilit\u00e9.<\/p>\n","protected":false},"excerpt":{"rendered":"<p>Petty san-mai 170x48mm Acier sandwich 135CR3 et vieux fer, trempe \u00e0 l&rsquo;eau. Finition miroir, g\u00e9om\u00e9trie l\u00e9g\u00e8rement convexe. Manche en robinier \u00ab\u00a0faux acacia\u00a0\u00bb et corne de buffle. Le vieux fer utilis\u00e9 donne de tr\u00e8s beaux motifs aux flancs de cette lame. Un format 17cm offrant un bon compromis entre polyvalence et maniabilit\u00e9.<\/p>\n","protected":false},"featured_media":85,"comment_status":"open","ping_status":"closed","template":"","meta":[],"product_brand":[],"product_cat":[19],"product_tag":[],"class_list":{"0":"post-82","1":"product","2":"type-product","3":"status-publish","4":"has-post-thumbnail","6":"product_cat-couteaux-de-cuisine","8":"first","9":"instock","10":"sold-individually","11":"shipping-taxable","12":"purchasable","13":"product-type-simple"},"_links":{"self":[{"href":"https:\/\/antoinechabertcoutelier.fr\/index.php?rest_route=\/wp\/v2\/product\/82","targetHints":{"allow":["GET"]}}],"collection":[{"href":"https:\/\/antoinechabertcoutelier.fr\/index.php?rest_route=\/wp\/v2\/product"}],"about":[{"href":"https:\/\/antoinechabertcoutelier.fr\/index.php?rest_route=\/wp\/v2\/types\/product"}],"replies":[{"embeddable":true,"href":"https:\/\/antoinechabertcoutelier.fr\/index.php?rest_route=%2Fwp%2Fv2%2Fcomments&post=82"}],"wp:featuredmedia":[{"embeddable":true,"href":"https:\/\/antoinechabertcoutelier.fr\/index.php?rest_route=\/wp\/v2\/media\/85"}],"wp:attachment":[{"href":"https:\/\/antoinechabertcoutelier.fr\/index.php?rest_route=%2Fwp%2Fv2%2Fmedia&parent=82"}],"wp:term":[{"taxonomy":"product_brand","embeddable":true,"href":"https:\/\/antoinechabertcoutelier.fr\/index.php?rest_route=%2Fwp%2Fv2%2Fproduct_brand&post=82"},{"taxonomy":"product_cat","embeddable":true,"href":"https:\/\/antoinechabertcoutelier.fr\/index.php?rest_route=%2Fwp%2Fv2%2Fproduct_cat&post=82"},{"taxonomy":"product_tag","embeddable":true,"href":"https:\/\/antoinechabertcoutelier.fr\/index.php?rest_route=%2Fwp%2Fv2%2Fproduct_tag&post=82"}],"curies":[{"name":"wp","href":"https:\/\/api.w.org\/{rel}","templated":true}]}}