{"id":59,"date":"2026-02-09T14:43:02","date_gmt":"2026-02-09T13:43:02","guid":{"rendered":"http:\/\/antoinechabertcoutelier.fr\/?post_type=product&#038;p=59"},"modified":"2026-03-05T17:41:08","modified_gmt":"2026-03-05T16:41:08","slug":"pukko-135x25","status":"publish","type":"product","link":"https:\/\/antoinechabertcoutelier.fr\/?product=pukko-135x25","title":{"rendered":"Puukko 135&#215;25"},"content":{"rendered":"<p>Puukko 135x25mm<\/p>\n<p>Acier au carbone Xc75, finition brut de forge.<\/p>\n<p>Manche en bouleau, bois de cerf et corne de buffle, intercalaires en \u00e9corce de bouleau.<\/p>\n<p>\u00c9tui en cuir cousu autour d&rsquo;un fourreau en bois.<\/p>\n<p>Un compagnon id\u00e9al pour les activit\u00e9s en pleine nature!<\/p>\n","protected":false},"excerpt":{"rendered":"<p>Puukko 135x25mm Acier au carbone Xc75, finition brut de forge. Manche en bouleau, bois de cerf et corne de buffle, intercalaires en \u00e9corce de bouleau. \u00c9tui en cuir cousu autour d&rsquo;un fourreau en bois. Un compagnon id\u00e9al pour les activit\u00e9s en pleine nature!<\/p>\n","protected":false},"featured_media":61,"comment_status":"open","ping_status":"closed","template":"","meta":[],"product_brand":[],"product_cat":[18],"product_tag":[],"class_list":{"0":"post-59","1":"product","2":"type-product","3":"status-publish","4":"has-post-thumbnail","6":"product_cat-non-classe","8":"first","9":"instock","10":"sold-individually","11":"shipping-taxable","12":"purchasable","13":"product-type-simple"},"_links":{"self":[{"href":"https:\/\/antoinechabertcoutelier.fr\/index.php?rest_route=\/wp\/v2\/product\/59","targetHints":{"allow":["GET"]}}],"collection":[{"href":"https:\/\/antoinechabertcoutelier.fr\/index.php?rest_route=\/wp\/v2\/product"}],"about":[{"href":"https:\/\/antoinechabertcoutelier.fr\/index.php?rest_route=\/wp\/v2\/types\/product"}],"replies":[{"embeddable":true,"href":"https:\/\/antoinechabertcoutelier.fr\/index.php?rest_route=%2Fwp%2Fv2%2Fcomments&post=59"}],"wp:featuredmedia":[{"embeddable":true,"href":"https:\/\/antoinechabertcoutelier.fr\/index.php?rest_route=\/wp\/v2\/media\/61"}],"wp:attachment":[{"href":"https:\/\/antoinechabertcoutelier.fr\/index.php?rest_route=%2Fwp%2Fv2%2Fmedia&parent=59"}],"wp:term":[{"taxonomy":"product_brand","embeddable":true,"href":"https:\/\/antoinechabertcoutelier.fr\/index.php?rest_route=%2Fwp%2Fv2%2Fproduct_brand&post=59"},{"taxonomy":"product_cat","embeddable":true,"href":"https:\/\/antoinechabertcoutelier.fr\/index.php?rest_route=%2Fwp%2Fv2%2Fproduct_cat&post=59"},{"taxonomy":"product_tag","embeddable":true,"href":"https:\/\/antoinechabertcoutelier.fr\/index.php?rest_route=%2Fwp%2Fv2%2Fproduct_tag&post=59"}],"curies":[{"name":"wp","href":"https:\/\/api.w.org\/{rel}","templated":true}]}}