{"id":42,"date":"2026-02-09T12:54:14","date_gmt":"2026-02-09T11:54:14","guid":{"rendered":"http:\/\/antoinechabertcoutelier.fr\/?post_type=product&#038;p=42"},"modified":"2026-02-12T12:49:59","modified_gmt":"2026-02-12T11:49:59","slug":"gyuto-230x45","status":"publish","type":"product","link":"https:\/\/antoinechabertcoutelier.fr\/?product=gyuto-230x45","title":{"rendered":"Gyuto 230&#215;45"},"content":{"rendered":"<p>Gyuto 230x45mm.<\/p>\n<p>Trempe s\u00e9lective, lame finition noire oxyd\u00e9e au caf\u00e9.<\/p>\n<p>Acier 135CR3, trempe \u00e0 l&rsquo;eau, s\u00e9lective \u00e0 l&rsquo;argile.<\/p>\n<p>Manche en ch\u00eane br\u00fbl\u00e9.<\/p>\n<p>186g<\/p>\n","protected":false},"excerpt":{"rendered":"<p>Gyuto 230x45mm. Trempe s\u00e9lective, lame finition noire oxyd\u00e9e au caf\u00e9. Acier 135CR3, trempe \u00e0 l&rsquo;eau, s\u00e9lective \u00e0 l&rsquo;argile. Manche en ch\u00eane br\u00fbl\u00e9. 186g<\/p>\n","protected":false},"featured_media":43,"comment_status":"open","ping_status":"closed","template":"","meta":[],"product_brand":[],"product_cat":[19],"product_tag":[],"class_list":{"0":"post-42","1":"product","2":"type-product","3":"status-publish","4":"has-post-thumbnail","6":"product_cat-couteaux-de-cuisine","8":"first","9":"instock","10":"sold-individually","11":"shipping-taxable","12":"purchasable","13":"product-type-simple"},"_links":{"self":[{"href":"https:\/\/antoinechabertcoutelier.fr\/index.php?rest_route=\/wp\/v2\/product\/42","targetHints":{"allow":["GET"]}}],"collection":[{"href":"https:\/\/antoinechabertcoutelier.fr\/index.php?rest_route=\/wp\/v2\/product"}],"about":[{"href":"https:\/\/antoinechabertcoutelier.fr\/index.php?rest_route=\/wp\/v2\/types\/product"}],"replies":[{"embeddable":true,"href":"https:\/\/antoinechabertcoutelier.fr\/index.php?rest_route=%2Fwp%2Fv2%2Fcomments&post=42"}],"wp:featuredmedia":[{"embeddable":true,"href":"https:\/\/antoinechabertcoutelier.fr\/index.php?rest_route=\/wp\/v2\/media\/43"}],"wp:attachment":[{"href":"https:\/\/antoinechabertcoutelier.fr\/index.php?rest_route=%2Fwp%2Fv2%2Fmedia&parent=42"}],"wp:term":[{"taxonomy":"product_brand","embeddable":true,"href":"https:\/\/antoinechabertcoutelier.fr\/index.php?rest_route=%2Fwp%2Fv2%2Fproduct_brand&post=42"},{"taxonomy":"product_cat","embeddable":true,"href":"https:\/\/antoinechabertcoutelier.fr\/index.php?rest_route=%2Fwp%2Fv2%2Fproduct_cat&post=42"},{"taxonomy":"product_tag","embeddable":true,"href":"https:\/\/antoinechabertcoutelier.fr\/index.php?rest_route=%2Fwp%2Fv2%2Fproduct_tag&post=42"}],"curies":[{"name":"wp","href":"https:\/\/api.w.org\/{rel}","templated":true}]}}