{"id":313,"date":"2026-03-22T10:30:03","date_gmt":"2026-03-22T09:30:03","guid":{"rendered":"https:\/\/antoinechabertcoutelier.fr\/?post_type=product&#038;p=313"},"modified":"2026-03-22T10:31:08","modified_gmt":"2026-03-22T09:31:08","slug":"gyuto-san-mai-205x54","status":"publish","type":"product","link":"https:\/\/antoinechabertcoutelier.fr\/?product=gyuto-san-mai-205x54","title":{"rendered":"Gyuto san-mai 205&#215;54"},"content":{"rendered":"<p style=\"text-align: right;\">Gyuto san-mai 205x54mm<\/p>\n<p>Acier sandwich au carbone 135cr3 avec flancs en vieux fer \u00ab\u00a0propre\u00a0\u00bb.<\/p>\n<p>Trempe \u00e0 l&rsquo;huile.<\/p>\n<p>Manche en noyer et corne de buffle.<\/p>\n<p>Une g\u00e9om\u00e9trie assez forte avec une d\u00e9gression de 5 \u00e0 1mm au dos, ce qui en fait un couteau fiable pour tout type de t\u00e2ches, con\u00e7u pour une utilisation intensive.<\/p>\n<p>Les motifs du vieux fer sont discrets mais ne demandent qu&rsquo;\u00e0 \u00eatre r\u00e9v\u00e9l\u00e9s \u00e0 l&rsquo;apparition de la patine naturelle !<\/p>\n<p>&nbsp;<\/p>\n","protected":false},"excerpt":{"rendered":"<p>Gyuto san-mai 205x54mm Acier sandwich au carbone 135cr3 avec flancs en vieux fer \u00ab\u00a0propre\u00a0\u00bb. Trempe \u00e0 l&rsquo;huile. Manche en noyer et corne de buffle. Une g\u00e9om\u00e9trie assez forte avec une d\u00e9gression de 5 \u00e0 1mm au dos, ce qui en fait un couteau fiable pour tout type de t\u00e2ches, con\u00e7u pour une utilisation intensive. Les [&hellip;]<\/p>\n","protected":false},"featured_media":314,"comment_status":"open","ping_status":"closed","template":"","meta":[],"product_brand":[],"product_cat":[19],"product_tag":[],"class_list":{"0":"post-313","1":"product","2":"type-product","3":"status-publish","4":"has-post-thumbnail","6":"product_cat-couteaux-de-cuisine","8":"first","9":"instock","10":"sold-individually","11":"shipping-taxable","12":"purchasable","13":"product-type-simple"},"_links":{"self":[{"href":"https:\/\/antoinechabertcoutelier.fr\/index.php?rest_route=\/wp\/v2\/product\/313","targetHints":{"allow":["GET"]}}],"collection":[{"href":"https:\/\/antoinechabertcoutelier.fr\/index.php?rest_route=\/wp\/v2\/product"}],"about":[{"href":"https:\/\/antoinechabertcoutelier.fr\/index.php?rest_route=\/wp\/v2\/types\/product"}],"replies":[{"embeddable":true,"href":"https:\/\/antoinechabertcoutelier.fr\/index.php?rest_route=%2Fwp%2Fv2%2Fcomments&post=313"}],"wp:featuredmedia":[{"embeddable":true,"href":"https:\/\/antoinechabertcoutelier.fr\/index.php?rest_route=\/wp\/v2\/media\/314"}],"wp:attachment":[{"href":"https:\/\/antoinechabertcoutelier.fr\/index.php?rest_route=%2Fwp%2Fv2%2Fmedia&parent=313"}],"wp:term":[{"taxonomy":"product_brand","embeddable":true,"href":"https:\/\/antoinechabertcoutelier.fr\/index.php?rest_route=%2Fwp%2Fv2%2Fproduct_brand&post=313"},{"taxonomy":"product_cat","embeddable":true,"href":"https:\/\/antoinechabertcoutelier.fr\/index.php?rest_route=%2Fwp%2Fv2%2Fproduct_cat&post=313"},{"taxonomy":"product_tag","embeddable":true,"href":"https:\/\/antoinechabertcoutelier.fr\/index.php?rest_route=%2Fwp%2Fv2%2Fproduct_tag&post=313"}],"curies":[{"name":"wp","href":"https:\/\/api.w.org\/{rel}","templated":true}]}}