{"id":221,"date":"2026-02-10T11:56:57","date_gmt":"2026-02-10T10:56:57","guid":{"rendered":"http:\/\/antoinechabertcoutelier.fr\/?post_type=product&#038;p=221"},"modified":"2026-02-11T12:07:03","modified_gmt":"2026-02-11T11:07:03","slug":"nakiri-170x48","status":"publish","type":"product","link":"https:\/\/antoinechabertcoutelier.fr\/?product=nakiri-170x48","title":{"rendered":"Nakiri 170&#215;48"},"content":{"rendered":"<p>Nakiri 170x48mm<\/p>\n<p>Acier carbone 135CR3, trempe a l&rsquo;huile.<\/p>\n<p>\u00c9moutures basses et finition brut de forge.<\/p>\n<p>Manche en noyer br\u00fbl\u00e9 avec corne de buffle.<\/p>\n<p>187g<\/p>\n","protected":false},"excerpt":{"rendered":"<p>Nakiri 170x48mm Acier carbone 135CR3, trempe a l&rsquo;huile. \u00c9moutures basses et finition brut de forge. Manche en noyer br\u00fbl\u00e9 avec corne de buffle. 187g<\/p>\n","protected":false},"featured_media":222,"comment_status":"open","ping_status":"closed","template":"","meta":[],"product_brand":[],"product_cat":[19],"product_tag":[],"class_list":{"0":"post-221","1":"product","2":"type-product","3":"status-publish","4":"has-post-thumbnail","6":"product_cat-couteaux-de-cuisine","8":"first","9":"outofstock","10":"sold-individually","11":"shipping-taxable","12":"purchasable","13":"product-type-simple"},"_links":{"self":[{"href":"https:\/\/antoinechabertcoutelier.fr\/index.php?rest_route=\/wp\/v2\/product\/221","targetHints":{"allow":["GET"]}}],"collection":[{"href":"https:\/\/antoinechabertcoutelier.fr\/index.php?rest_route=\/wp\/v2\/product"}],"about":[{"href":"https:\/\/antoinechabertcoutelier.fr\/index.php?rest_route=\/wp\/v2\/types\/product"}],"replies":[{"embeddable":true,"href":"https:\/\/antoinechabertcoutelier.fr\/index.php?rest_route=%2Fwp%2Fv2%2Fcomments&post=221"}],"wp:featuredmedia":[{"embeddable":true,"href":"https:\/\/antoinechabertcoutelier.fr\/index.php?rest_route=\/wp\/v2\/media\/222"}],"wp:attachment":[{"href":"https:\/\/antoinechabertcoutelier.fr\/index.php?rest_route=%2Fwp%2Fv2%2Fmedia&parent=221"}],"wp:term":[{"taxonomy":"product_brand","embeddable":true,"href":"https:\/\/antoinechabertcoutelier.fr\/index.php?rest_route=%2Fwp%2Fv2%2Fproduct_brand&post=221"},{"taxonomy":"product_cat","embeddable":true,"href":"https:\/\/antoinechabertcoutelier.fr\/index.php?rest_route=%2Fwp%2Fv2%2Fproduct_cat&post=221"},{"taxonomy":"product_tag","embeddable":true,"href":"https:\/\/antoinechabertcoutelier.fr\/index.php?rest_route=%2Fwp%2Fv2%2Fproduct_tag&post=221"}],"curies":[{"name":"wp","href":"https:\/\/api.w.org\/{rel}","templated":true}]}}