{"id":215,"date":"2026-02-10T11:50:42","date_gmt":"2026-02-10T10:50:42","guid":{"rendered":"http:\/\/antoinechabertcoutelier.fr\/?post_type=product&#038;p=215"},"modified":"2026-02-10T11:50:43","modified_gmt":"2026-02-10T10:50:43","slug":"sujihiki-227x37","status":"publish","type":"product","link":"https:\/\/antoinechabertcoutelier.fr\/?product=sujihiki-227x37","title":{"rendered":"Sujihiki 227&#215;37"},"content":{"rendered":"<p style=\"text-align: left;\">Sujihiki 227x37mm<\/p>\n<p>Trancheur en acier carbone 135CR3, trempe \u00e0 l&rsquo;huile, finition satin\u00e9e.<\/p>\n<p>Manche en bois de Cumaru br\u00fbl\u00e9 avec platine cuivre textur\u00e9e.<\/p>\n<p>180g<\/p>\n","protected":false},"excerpt":{"rendered":"<p>Sujihiki 227x37mm Trancheur en acier carbone 135CR3, trempe \u00e0 l&rsquo;huile, finition satin\u00e9e. Manche en bois de Cumaru br\u00fbl\u00e9 avec platine cuivre textur\u00e9e. 180g<\/p>\n","protected":false},"featured_media":216,"comment_status":"open","ping_status":"closed","template":"","meta":[],"product_brand":[],"product_cat":[19],"product_tag":[],"class_list":{"0":"post-215","1":"product","2":"type-product","3":"status-publish","4":"has-post-thumbnail","6":"product_cat-couteaux-de-cuisine","8":"first","9":"outofstock","10":"sold-individually","11":"shipping-taxable","12":"purchasable","13":"product-type-simple"},"_links":{"self":[{"href":"https:\/\/antoinechabertcoutelier.fr\/index.php?rest_route=\/wp\/v2\/product\/215","targetHints":{"allow":["GET"]}}],"collection":[{"href":"https:\/\/antoinechabertcoutelier.fr\/index.php?rest_route=\/wp\/v2\/product"}],"about":[{"href":"https:\/\/antoinechabertcoutelier.fr\/index.php?rest_route=\/wp\/v2\/types\/product"}],"replies":[{"embeddable":true,"href":"https:\/\/antoinechabertcoutelier.fr\/index.php?rest_route=%2Fwp%2Fv2%2Fcomments&post=215"}],"wp:featuredmedia":[{"embeddable":true,"href":"https:\/\/antoinechabertcoutelier.fr\/index.php?rest_route=\/wp\/v2\/media\/216"}],"wp:attachment":[{"href":"https:\/\/antoinechabertcoutelier.fr\/index.php?rest_route=%2Fwp%2Fv2%2Fmedia&parent=215"}],"wp:term":[{"taxonomy":"product_brand","embeddable":true,"href":"https:\/\/antoinechabertcoutelier.fr\/index.php?rest_route=%2Fwp%2Fv2%2Fproduct_brand&post=215"},{"taxonomy":"product_cat","embeddable":true,"href":"https:\/\/antoinechabertcoutelier.fr\/index.php?rest_route=%2Fwp%2Fv2%2Fproduct_cat&post=215"},{"taxonomy":"product_tag","embeddable":true,"href":"https:\/\/antoinechabertcoutelier.fr\/index.php?rest_route=%2Fwp%2Fv2%2Fproduct_tag&post=215"}],"curies":[{"name":"wp","href":"https:\/\/api.w.org\/{rel}","templated":true}]}}