{"id":195,"date":"2026-02-10T11:38:39","date_gmt":"2026-02-10T10:38:39","guid":{"rendered":"http:\/\/antoinechabertcoutelier.fr\/?post_type=product&#038;p=195"},"modified":"2026-02-10T11:38:40","modified_gmt":"2026-02-10T10:38:40","slug":"santoku-honyaki-170x50","status":"publish","type":"product","link":"https:\/\/antoinechabertcoutelier.fr\/?product=santoku-honyaki-170x50","title":{"rendered":"Santoku Honyaki 170&#215;50"},"content":{"rendered":"<p>Santoku Honyaki 170x50mm<\/p>\n<p>Acier carbone 135CR3, trempe \u00e0 l&rsquo;eau, s\u00e9lective \u00e0 l&rsquo;argile.<\/p>\n<p>Finition miroir.<\/p>\n<p>Manche en acacia br\u00fbl\u00e9.<\/p>\n","protected":false},"excerpt":{"rendered":"<p>Santoku Honyaki 170x50mm Acier carbone 135CR3, trempe \u00e0 l&rsquo;eau, s\u00e9lective \u00e0 l&rsquo;argile. Finition miroir. Manche en acacia br\u00fbl\u00e9.<\/p>\n","protected":false},"featured_media":196,"comment_status":"open","ping_status":"closed","template":"","meta":[],"product_brand":[],"product_cat":[19],"product_tag":[],"class_list":{"0":"post-195","1":"product","2":"type-product","3":"status-publish","4":"has-post-thumbnail","6":"product_cat-couteaux-de-cuisine","8":"first","9":"outofstock","10":"sold-individually","11":"shipping-taxable","12":"purchasable","13":"product-type-simple"},"_links":{"self":[{"href":"https:\/\/antoinechabertcoutelier.fr\/index.php?rest_route=\/wp\/v2\/product\/195","targetHints":{"allow":["GET"]}}],"collection":[{"href":"https:\/\/antoinechabertcoutelier.fr\/index.php?rest_route=\/wp\/v2\/product"}],"about":[{"href":"https:\/\/antoinechabertcoutelier.fr\/index.php?rest_route=\/wp\/v2\/types\/product"}],"replies":[{"embeddable":true,"href":"https:\/\/antoinechabertcoutelier.fr\/index.php?rest_route=%2Fwp%2Fv2%2Fcomments&post=195"}],"wp:featuredmedia":[{"embeddable":true,"href":"https:\/\/antoinechabertcoutelier.fr\/index.php?rest_route=\/wp\/v2\/media\/196"}],"wp:attachment":[{"href":"https:\/\/antoinechabertcoutelier.fr\/index.php?rest_route=%2Fwp%2Fv2%2Fmedia&parent=195"}],"wp:term":[{"taxonomy":"product_brand","embeddable":true,"href":"https:\/\/antoinechabertcoutelier.fr\/index.php?rest_route=%2Fwp%2Fv2%2Fproduct_brand&post=195"},{"taxonomy":"product_cat","embeddable":true,"href":"https:\/\/antoinechabertcoutelier.fr\/index.php?rest_route=%2Fwp%2Fv2%2Fproduct_cat&post=195"},{"taxonomy":"product_tag","embeddable":true,"href":"https:\/\/antoinechabertcoutelier.fr\/index.php?rest_route=%2Fwp%2Fv2%2Fproduct_tag&post=195"}],"curies":[{"name":"wp","href":"https:\/\/api.w.org\/{rel}","templated":true}]}}