{"id":152,"date":"2026-02-10T10:28:38","date_gmt":"2026-02-10T09:28:38","guid":{"rendered":"http:\/\/antoinechabertcoutelier.fr\/?post_type=product&#038;p=152"},"modified":"2026-02-10T11:58:24","modified_gmt":"2026-02-10T10:58:24","slug":"petty-san-mai-125x35","status":"publish","type":"product","link":"https:\/\/antoinechabertcoutelier.fr\/?product=petty-san-mai-125x35","title":{"rendered":"Petty san-mai 125&#215;35"},"content":{"rendered":"<p>Petty san-mai 125x35mm<\/p>\n<p>Acier sandwich 135CR3 et vieux fer, trempe \u00e0 l&rsquo;eau.<\/p>\n<p>Manche en acacia br\u00fbl\u00e9.<\/p>\n<p>110g<\/p>\n<p>Un petit format maniable dot\u00e9 de magnifiques motifs<\/p>\n","protected":false},"excerpt":{"rendered":"<p>Petty san-mai 125x35mm Acier sandwich 135CR3 et vieux fer, trempe \u00e0 l&rsquo;eau. Manche en acacia br\u00fbl\u00e9. 110g Un petit format maniable dot\u00e9 de magnifiques motifs<\/p>\n","protected":false},"featured_media":155,"comment_status":"open","ping_status":"closed","template":"","meta":[],"product_brand":[],"product_cat":[19],"product_tag":[],"class_list":{"0":"post-152","1":"product","2":"type-product","3":"status-publish","4":"has-post-thumbnail","6":"product_cat-couteaux-de-cuisine","8":"first","9":"outofstock","10":"sold-individually","11":"shipping-taxable","12":"purchasable","13":"product-type-simple"},"_links":{"self":[{"href":"https:\/\/antoinechabertcoutelier.fr\/index.php?rest_route=\/wp\/v2\/product\/152","targetHints":{"allow":["GET"]}}],"collection":[{"href":"https:\/\/antoinechabertcoutelier.fr\/index.php?rest_route=\/wp\/v2\/product"}],"about":[{"href":"https:\/\/antoinechabertcoutelier.fr\/index.php?rest_route=\/wp\/v2\/types\/product"}],"replies":[{"embeddable":true,"href":"https:\/\/antoinechabertcoutelier.fr\/index.php?rest_route=%2Fwp%2Fv2%2Fcomments&post=152"}],"wp:featuredmedia":[{"embeddable":true,"href":"https:\/\/antoinechabertcoutelier.fr\/index.php?rest_route=\/wp\/v2\/media\/155"}],"wp:attachment":[{"href":"https:\/\/antoinechabertcoutelier.fr\/index.php?rest_route=%2Fwp%2Fv2%2Fmedia&parent=152"}],"wp:term":[{"taxonomy":"product_brand","embeddable":true,"href":"https:\/\/antoinechabertcoutelier.fr\/index.php?rest_route=%2Fwp%2Fv2%2Fproduct_brand&post=152"},{"taxonomy":"product_cat","embeddable":true,"href":"https:\/\/antoinechabertcoutelier.fr\/index.php?rest_route=%2Fwp%2Fv2%2Fproduct_cat&post=152"},{"taxonomy":"product_tag","embeddable":true,"href":"https:\/\/antoinechabertcoutelier.fr\/index.php?rest_route=%2Fwp%2Fv2%2Fproduct_tag&post=152"}],"curies":[{"name":"wp","href":"https:\/\/api.w.org\/{rel}","templated":true}]}}