{"id":125,"date":"2026-02-09T18:13:50","date_gmt":"2026-02-09T17:13:50","guid":{"rendered":"http:\/\/antoinechabertcoutelier.fr\/?post_type=product&#038;p=125"},"modified":"2026-02-12T12:48:13","modified_gmt":"2026-02-12T11:48:13","slug":"petty-san-mai-170x45","status":"publish","type":"product","link":"https:\/\/antoinechabertcoutelier.fr\/?product=petty-san-mai-170x45","title":{"rendered":"Petty san-mai 170&#215;45"},"content":{"rendered":"<p>Petty san-mai 170x45mm<\/p>\n<p>Acier sandwich 135CR3 et vieux fer, trempe \u00e0 l&rsquo;eau.<\/p>\n<p>Finition \u00e0 l&rsquo;acide.<\/p>\n<p>Manche en noyer br\u00fbl\u00e9.<\/p>\n<p>133g.<\/p>\n<p>Format interm\u00e9diaire, le petty est un bon compromis entre maniabilit\u00e9 et polyvalence.<\/p>\n","protected":false},"excerpt":{"rendered":"<p>Petty san-mai 170x45mm Acier sandwich 135CR3 et vieux fer, trempe \u00e0 l&rsquo;eau. Finition \u00e0 l&rsquo;acide. Manche en noyer br\u00fbl\u00e9. 133g. Format interm\u00e9diaire, le petty est un bon compromis entre maniabilit\u00e9 et polyvalence.<\/p>\n","protected":false},"featured_media":128,"comment_status":"open","ping_status":"closed","template":"","meta":[],"product_brand":[],"product_cat":[19],"product_tag":[],"class_list":{"0":"post-125","1":"product","2":"type-product","3":"status-publish","4":"has-post-thumbnail","6":"product_cat-couteaux-de-cuisine","8":"first","9":"instock","10":"sale","11":"sold-individually","12":"shipping-taxable","13":"purchasable","14":"product-type-simple"},"_links":{"self":[{"href":"https:\/\/antoinechabertcoutelier.fr\/index.php?rest_route=\/wp\/v2\/product\/125","targetHints":{"allow":["GET"]}}],"collection":[{"href":"https:\/\/antoinechabertcoutelier.fr\/index.php?rest_route=\/wp\/v2\/product"}],"about":[{"href":"https:\/\/antoinechabertcoutelier.fr\/index.php?rest_route=\/wp\/v2\/types\/product"}],"replies":[{"embeddable":true,"href":"https:\/\/antoinechabertcoutelier.fr\/index.php?rest_route=%2Fwp%2Fv2%2Fcomments&post=125"}],"wp:featuredmedia":[{"embeddable":true,"href":"https:\/\/antoinechabertcoutelier.fr\/index.php?rest_route=\/wp\/v2\/media\/128"}],"wp:attachment":[{"href":"https:\/\/antoinechabertcoutelier.fr\/index.php?rest_route=%2Fwp%2Fv2%2Fmedia&parent=125"}],"wp:term":[{"taxonomy":"product_brand","embeddable":true,"href":"https:\/\/antoinechabertcoutelier.fr\/index.php?rest_route=%2Fwp%2Fv2%2Fproduct_brand&post=125"},{"taxonomy":"product_cat","embeddable":true,"href":"https:\/\/antoinechabertcoutelier.fr\/index.php?rest_route=%2Fwp%2Fv2%2Fproduct_cat&post=125"},{"taxonomy":"product_tag","embeddable":true,"href":"https:\/\/antoinechabertcoutelier.fr\/index.php?rest_route=%2Fwp%2Fv2%2Fproduct_tag&post=125"}],"curies":[{"name":"wp","href":"https:\/\/api.w.org\/{rel}","templated":true}]}}