{"id":108,"date":"2026-02-09T17:27:34","date_gmt":"2026-02-09T16:27:34","guid":{"rendered":"http:\/\/antoinechabertcoutelier.fr\/?post_type=product&#038;p=108"},"modified":"2026-02-10T12:07:39","modified_gmt":"2026-02-10T11:07:39","slug":"table-120x25","status":"publish","type":"product","link":"https:\/\/antoinechabertcoutelier.fr\/?product=table-120x25","title":{"rendered":"Table 120&#215;25"},"content":{"rendered":"<p>Table 120x25mm<\/p>\n<p>Acier carbone Xc75, finition satin\u00e9e et \u00ab\u00a0brut de forge\u00a0\u00bb.<\/p>\n<p>4 essences diff\u00e9rentes pour les manches (de gauche \u00e0 droite): Acacia, Ch\u00eane, Noyer et Cumaru.<\/p>\n<p>Bague en bronze entre la lame et le manche.<\/p>\n<p>Environ 60g<\/p>\n","protected":false},"excerpt":{"rendered":"<p>Table 120x25mm Acier carbone Xc75, finition satin\u00e9e et \u00ab\u00a0brut de forge\u00a0\u00bb. 4 essences diff\u00e9rentes pour les manches (de gauche \u00e0 droite): Acacia, Ch\u00eane, Noyer et Cumaru. Bague en bronze entre la lame et le manche. Environ 60g<\/p>\n","protected":false},"featured_media":115,"comment_status":"open","ping_status":"closed","template":"","meta":[],"product_brand":[],"product_cat":[21],"product_tag":[],"class_list":{"0":"post-108","1":"product","2":"type-product","3":"status-publish","4":"has-post-thumbnail","6":"product_cat-couteaux-de-table","8":"first","9":"instock","10":"sold-individually","11":"shipping-taxable","12":"purchasable","13":"product-type-variable"},"_links":{"self":[{"href":"https:\/\/antoinechabertcoutelier.fr\/index.php?rest_route=\/wp\/v2\/product\/108","targetHints":{"allow":["GET"]}}],"collection":[{"href":"https:\/\/antoinechabertcoutelier.fr\/index.php?rest_route=\/wp\/v2\/product"}],"about":[{"href":"https:\/\/antoinechabertcoutelier.fr\/index.php?rest_route=\/wp\/v2\/types\/product"}],"replies":[{"embeddable":true,"href":"https:\/\/antoinechabertcoutelier.fr\/index.php?rest_route=%2Fwp%2Fv2%2Fcomments&post=108"}],"wp:featuredmedia":[{"embeddable":true,"href":"https:\/\/antoinechabertcoutelier.fr\/index.php?rest_route=\/wp\/v2\/media\/115"}],"wp:attachment":[{"href":"https:\/\/antoinechabertcoutelier.fr\/index.php?rest_route=%2Fwp%2Fv2%2Fmedia&parent=108"}],"wp:term":[{"taxonomy":"product_brand","embeddable":true,"href":"https:\/\/antoinechabertcoutelier.fr\/index.php?rest_route=%2Fwp%2Fv2%2Fproduct_brand&post=108"},{"taxonomy":"product_cat","embeddable":true,"href":"https:\/\/antoinechabertcoutelier.fr\/index.php?rest_route=%2Fwp%2Fv2%2Fproduct_cat&post=108"},{"taxonomy":"product_tag","embeddable":true,"href":"https:\/\/antoinechabertcoutelier.fr\/index.php?rest_route=%2Fwp%2Fv2%2Fproduct_tag&post=108"}],"curies":[{"name":"wp","href":"https:\/\/api.w.org\/{rel}","templated":true}]}}