{"id":14,"date":"2026-02-09T11:39:50","date_gmt":"2026-02-09T10:39:50","guid":{"rendered":"http:\/\/antoinechabertcoutelier.fr\/?page_id=14"},"modified":"2026-02-13T10:04:20","modified_gmt":"2026-02-13T09:04:20","slug":"a-propos","status":"publish","type":"page","link":"https:\/\/antoinechabertcoutelier.fr\/?page_id=14","title":{"rendered":"\u00c0 propos:"},"content":{"rendered":"\n<figure class=\"wp-block-image size-large is-resized\"><img loading=\"lazy\" decoding=\"async\" width=\"1024\" height=\"538\" src=\"http:\/\/antoinechabertcoutelier.fr\/wp-content\/uploads\/2026\/02\/coutelier-forgeron-artisan-antoine-chabert-2-1024x538.jpg\" alt=\"\" class=\"wp-image-246\" style=\"aspect-ratio:1.9033418528798411;width:1085px;height:auto\"\/><\/figure>\n\n\n\n<p>Antoine Chabert, coutelier forgeron sp\u00e9cialis\u00e9 dans les couteaux de cuisine d&rsquo;inspiration japonaise (design, techniques). Pi\u00e8ces uniques con\u00e7ues \u00e0 la main, visant efficacit\u00e9, esth\u00e9tique et durabilit\u00e9. Savoirs faire traditionnels et techniques modernes s&rsquo;associent pour vous proposer des couteaux haut de gamme et \u00e9tudi\u00e9s pour une utilisation intensive.<\/p>\n\n\n\n<p class=\"has-text-align-center\">______________________________________________<\/p>\n\n\n\n<p>C&rsquo;est \u00e0 Vocance, non loin d&rsquo;Annonay et en plein c\u0153ur de l&rsquo;Ard\u00e8che verte que mon atelier est implant\u00e9. C&rsquo;est ici que je con\u00e7ois, forge et assemble mes couteaux. Ils naissent d&rsquo;un d\u00e9sir de proposer des outils de qualit\u00e9s, con\u00e7us pour durer, inspir\u00e9s par les formes et techniques de travail japonaises et europ\u00e9ennes: c&rsquo;est une interpr\u00e9tation personnelle et intime qui conjugue savoirs-faire traditionnels et qu\u00eate de perp\u00e9tuel renouveau. <\/p>\n\n\n\n<p>Je travail uniquement des aciers carbones, choisis et adapt\u00e9s \u00e0 son usage (cuisine, ext\u00e9rieur,..). C&rsquo;est d&rsquo;abord par le feu qu&rsquo;il prennent forme, que ce soit pour la cr\u00e9ation d&rsquo;acier multi-couches comme le san-mai par soudure \u00e0 la forge, ou bien pour \u00e9tirer et d\u00e9placer la mati\u00e8re entre le marteau et l&rsquo;enclume. Ce travail de forge permet de cr\u00e9er d\u00e8s lors une g\u00e9om\u00e9trie propre \u00e0 la future lame, dot\u00e9e d&rsquo;\u00e9paisseurs et de d\u00e9gressions qui donneront sa structure au couteau.<\/p>\n\n\n\n<p>S&rsquo;ensuivent les \u00e9tapes de traitements thermiques ad\u00e9quates afin de garantir duret\u00e9 et robustesse \u00e0 l&rsquo;acier, puis les \u00e9tapes de fa\u00e7onnage, montage, et finitions de la lame. Le choix des mat\u00e9riaux du manche permettent d&rsquo;allier confort, esth\u00e9tisme et dur\u00e9e de vie \u00e0 celui-ci.<\/p>\n\n\n\n<p>L&rsquo;\u00e9tape finale d&rsquo;aff\u00fbtage sur pierres \u00e0 eau permet l&rsquo;obtention d&rsquo;un tranchant rasoir, et d&rsquo;un couteau pr\u00eat \u00e0 la t\u00e2che; la continuit\u00e9 de son efficacit\u00e9 d\u00e9pendra comme tout objet tranchant de son entretien par la suite.<\/p>\n\n\n\n<p class=\"has-text-align-center\">______________________________________________<\/p>\n\n\n\n<h2 class=\"wp-block-heading\"><strong>Achat et commande:<\/strong><\/h2>\n\n\n\n<p>Mes cr\u00e9ations sont disponibles \u00e0 l&rsquo;achat sur ce site. <\/p>\n\n\n\n<p>Je travail \u00e9galement sur commande, pour cela il suffit de me <a href=\"http:\/\/antoinechabertcoutelier.fr\/?page_id=17\" target=\"_blank\" rel=\"noreferrer noopener\"><strong>contacter<\/strong><\/a> afin d&rsquo;\u00e9tudier ensemble votre projet.<\/p>\n\n\n\n<p>Les commandes sont habituellement exp\u00e9di\u00e9es dans un d\u00e9lai de 48h apr\u00e8s r\u00e9ception du paiement,  vous serez inform\u00e9 imm\u00e9diatement en cas inverse.<\/p>\n\n\n\n<p>Les envois se font via La Poste avec signature (environ 3-4 jours ouvr\u00e9s), frais de port fixes de 15\u20ac pour la France m\u00e9tropolitaine.<\/p>\n\n\n\n<p><\/p>\n","protected":false},"excerpt":{"rendered":"<p>Antoine Chabert, coutelier forgeron sp\u00e9cialis\u00e9 dans les couteaux de cuisine d&rsquo;inspiration japonaise (design, techniques). Pi\u00e8ces uniques con\u00e7ues \u00e0 la main, visant efficacit\u00e9, esth\u00e9tique et durabilit\u00e9. Savoirs faire traditionnels et techniques modernes s&rsquo;associent pour vous proposer des couteaux haut de gamme et \u00e9tudi\u00e9s pour une utilisation intensive. ______________________________________________ C&rsquo;est \u00e0 Vocance, non loin d&rsquo;Annonay et en [&hellip;]<\/p>\n","protected":false},"author":1,"featured_media":0,"parent":0,"menu_order":0,"comment_status":"closed","ping_status":"closed","template":"","meta":{"footnotes":""},"class_list":["post-14","page","type-page","status-publish","hentry"],"_links":{"self":[{"href":"https:\/\/antoinechabertcoutelier.fr\/index.php?rest_route=\/wp\/v2\/pages\/14","targetHints":{"allow":["GET"]}}],"collection":[{"href":"https:\/\/antoinechabertcoutelier.fr\/index.php?rest_route=\/wp\/v2\/pages"}],"about":[{"href":"https:\/\/antoinechabertcoutelier.fr\/index.php?rest_route=\/wp\/v2\/types\/page"}],"author":[{"embeddable":true,"href":"https:\/\/antoinechabertcoutelier.fr\/index.php?rest_route=\/wp\/v2\/users\/1"}],"replies":[{"embeddable":true,"href":"https:\/\/antoinechabertcoutelier.fr\/index.php?rest_route=%2Fwp%2Fv2%2Fcomments&post=14"}],"version-history":[{"count":10,"href":"https:\/\/antoinechabertcoutelier.fr\/index.php?rest_route=\/wp\/v2\/pages\/14\/revisions"}],"predecessor-version":[{"id":293,"href":"https:\/\/antoinechabertcoutelier.fr\/index.php?rest_route=\/wp\/v2\/pages\/14\/revisions\/293"}],"wp:attachment":[{"href":"https:\/\/antoinechabertcoutelier.fr\/index.php?rest_route=%2Fwp%2Fv2%2Fmedia&parent=14"}],"curies":[{"name":"wp","href":"https:\/\/api.w.org\/{rel}","templated":true}]}}